{"id":31,"date":"2025-03-02T22:46:53","date_gmt":"2025-03-02T21:46:53","guid":{"rendered":"https:\/\/verliererinnen.qualifizierung.com\/?page_id=31"},"modified":"2025-05-26T13:11:56","modified_gmt":"2025-05-26T12:11:56","slug":"verliererinnen-schreiben-geschichte","status":"publish","type":"page","link":"https:\/\/verliererinnen.qualifizierung.com\/?page_id=31","title":{"rendered":"Das Projekt"},"content":{"rendered":"\n<h2 class=\"wp-block-heading has-text-align-left\">Verlierer:innen schreiben Geschichte<br>Du hast die Wahl!<\/h2>\n\n\n\n<p><\/p>\n\n\n\n<p>Ein interaktiver Film von <a href=\"https:\/\/yariart.qualifizierung.com\/ueber-mich\/\" target=\"_blank\" rel=\"noreferrer noopener\">A. Yari H.<\/a><\/p>\n\n\n\n<figure class=\"wp-block-image size-large wp-duotone-111111-ffffff-1\"><img loading=\"lazy\" decoding=\"async\" width=\"1024\" height=\"251\" src=\"https:\/\/verliererinnen.qualifizierung.com\/wp-content\/uploads\/2025\/03\/The_Arnolfini_portrait_oben-1024x251.jpg\" alt=\"\" class=\"wp-image-47\" srcset=\"https:\/\/verliererinnen.qualifizierung.com\/wp-content\/uploads\/2025\/03\/The_Arnolfini_portrait_oben-1024x251.jpg 1024w, https:\/\/verliererinnen.qualifizierung.com\/wp-content\/uploads\/2025\/03\/The_Arnolfini_portrait_oben-300x74.jpg 300w, https:\/\/verliererinnen.qualifizierung.com\/wp-content\/uploads\/2025\/03\/The_Arnolfini_portrait_oben-768x188.jpg 768w, https:\/\/verliererinnen.qualifizierung.com\/wp-content\/uploads\/2025\/03\/The_Arnolfini_portrait_oben-1536x377.jpg 1536w, https:\/\/verliererinnen.qualifizierung.com\/wp-content\/uploads\/2025\/03\/The_Arnolfini_portrait_oben-2048x502.jpg 2048w\" sizes=\"auto, (max-width: 1024px) 100vw, 1024px\" \/><\/figure>\n\n\n\n<p>Im mittelalterlichen Br\u00fcgge erkunden die Zuschauer:innen eine alternative Entstehungsgeschichte zum ber\u00fchmten Arnolfini &#8211; Portr\u00e4t (Jan van Eyck, 1434) und erweitern dabei ihre Perspektive dar\u00fcber, wie die Kunst unsere Vorstellung der Vergangenheit beeinflusst.<\/p>\n\n\n\n<figure class=\"wp-block-image size-large\"><img loading=\"lazy\" decoding=\"async\" width=\"1024\" height=\"260\" src=\"https:\/\/verliererinnen.qualifizierung.com\/wp-content\/uploads\/2025\/03\/The_Arnolfini_portrait_unten-1024x260.jpg\" alt=\"\" class=\"wp-image-46\" srcset=\"https:\/\/verliererinnen.qualifizierung.com\/wp-content\/uploads\/2025\/03\/The_Arnolfini_portrait_unten-1024x260.jpg 1024w, https:\/\/verliererinnen.qualifizierung.com\/wp-content\/uploads\/2025\/03\/The_Arnolfini_portrait_unten-300x76.jpg 300w, https:\/\/verliererinnen.qualifizierung.com\/wp-content\/uploads\/2025\/03\/The_Arnolfini_portrait_unten-768x195.jpg 768w, https:\/\/verliererinnen.qualifizierung.com\/wp-content\/uploads\/2025\/03\/The_Arnolfini_portrait_unten-1536x389.jpg 1536w, https:\/\/verliererinnen.qualifizierung.com\/wp-content\/uploads\/2025\/03\/The_Arnolfini_portrait_unten-2048x519.jpg 2048w\" sizes=\"auto, (max-width: 1024px) 100vw, 1024px\" \/><\/figure>\n\n\n\n<p><em><a href=\"https:\/\/verliererinnen.qualifizierung.com\/\" data-type=\"page\" data-id=\"2\"><sup>Zur\u00fcck zum interaktiven Film<\/sup><\/a><\/em><\/p>\n\n\n\n<p><\/p>\n","protected":false},"excerpt":{"rendered":"<p>Verlierer:innen schreiben GeschichteDu hast die Wahl! Ein interaktiver Film von A. Yari H. Im mittelalterlichen Br\u00fcgge erkunden die Zuschauer:innen eine alternative Entstehungsgeschichte zum ber\u00fchmten Arnolfini &#8211; Portr\u00e4t (Jan van Eyck, 1434) und erweitern dabei ihre Perspektive dar\u00fcber, wie die Kunst unsere Vorstellung der Vergangenheit beeinflusst. Zur\u00fcck zum interaktiven Film<\/p>\n","protected":false},"author":1,"featured_media":0,"parent":0,"menu_order":0,"comment_status":"closed","ping_status":"closed","template":"","meta":{"footnotes":""},"class_list":["post-31","page","type-page","status-publish","hentry"],"_links":{"self":[{"href":"https:\/\/verliererinnen.qualifizierung.com\/index.php?rest_route=\/wp\/v2\/pages\/31","targetHints":{"allow":["GET"]}}],"collection":[{"href":"https:\/\/verliererinnen.qualifizierung.com\/index.php?rest_route=\/wp\/v2\/pages"}],"about":[{"href":"https:\/\/verliererinnen.qualifizierung.com\/index.php?rest_route=\/wp\/v2\/types\/page"}],"author":[{"embeddable":true,"href":"https:\/\/verliererinnen.qualifizierung.com\/index.php?rest_route=\/wp\/v2\/users\/1"}],"replies":[{"embeddable":true,"href":"https:\/\/verliererinnen.qualifizierung.com\/index.php?rest_route=%2Fwp%2Fv2%2Fcomments&post=31"}],"version-history":[{"count":16,"href":"https:\/\/verliererinnen.qualifizierung.com\/index.php?rest_route=\/wp\/v2\/pages\/31\/revisions"}],"predecessor-version":[{"id":62,"href":"https:\/\/verliererinnen.qualifizierung.com\/index.php?rest_route=\/wp\/v2\/pages\/31\/revisions\/62"}],"wp:attachment":[{"href":"https:\/\/verliererinnen.qualifizierung.com\/index.php?rest_route=%2Fwp%2Fv2%2Fmedia&parent=31"}],"curies":[{"name":"wp","href":"https:\/\/api.w.org\/{rel}","templated":true}]}}